{"id":2625,"date":"2023-12-27T21:46:38","date_gmt":"2023-12-27T21:46:38","guid":{"rendered":"https:\/\/astrid.pe\/?post_type=product&#038;p=2625"},"modified":"2023-12-27T21:51:32","modified_gmt":"2023-12-27T21:51:32","slug":"vestido-corto-shein-icon","status":"publish","type":"product","link":"https:\/\/astrid.pe\/?product=vestido-corto-shein-icon","title":{"rendered":"VESTIDO CORTO SHEIN ICON"},"content":{"rendered":"<div><span style=\"color: #222222; text-align: justify;\"><strong><span style=\"font-size: 12px;\">Detalle<\/span>:<\/strong><\/span><\/div>\n<div><\/div>\n<div>\n<div>\n<table style=\"width: 449px;\" border=\"0\" cellspacing=\"0\" cellpadding=\"0\">\n<tbody>\n<tr>\n<td style=\"height: 20px; width: 203px;\"><span style=\"font-size: 12px;\">Caracter\u00edstica<\/span><\/td>\n<td style=\"width: 247px;\"><span style=\"font-size: 12px;\">Detalle<\/span><\/td>\n<\/tr>\n<tr>\n<td style=\"height: 20px;\"><span style=\"font-size: 12px;\">Color<\/span><\/td>\n<td><span style=\"font-size: 12px;\">Negro<\/span><\/td>\n<\/tr>\n<tr>\n<td style=\"height: 20px;\"><span style=\"font-size: 12px;\">Estilo<\/span><\/td>\n<td><span style=\"font-size: 12px;\">Sexy<\/span><\/td>\n<\/tr>\n<tr>\n<td style=\"height: 20px;\"><span style=\"font-size: 12px;\">Tipo de Estampado<\/span><\/td>\n<td><span style=\"font-size: 12px;\">Liso<\/span><\/td>\n<\/tr>\n<tr>\n<td style=\"height: 20px;\"><span style=\"font-size: 12px;\">Detalles<\/span><\/td>\n<td><span style=\"font-size: 12px;\">Fruncido, Abertura, Pliegos<\/span><\/td>\n<\/tr>\n<tr>\n<td style=\"height: 20px;\"><span style=\"font-size: 12px;\">Escote<\/span><\/td>\n<td><span style=\"font-size: 12px;\">Escote l\u00e1grima<\/span><\/td>\n<\/tr>\n<tr>\n<td style=\"height: 20px;\"><span style=\"font-size: 12px;\">Longitud de la Manga<\/span><\/td>\n<td><span style=\"font-size: 12px;\">Sin mangas<\/span><\/td>\n<\/tr>\n<tr>\n<td style=\"height: 20px;\"><span style=\"font-size: 12px;\">Tipo<\/span><\/td>\n<td><span style=\"font-size: 12px;\">Apretado<\/span><\/td>\n<\/tr>\n<tr>\n<td style=\"height: 20px;\"><span style=\"font-size: 12px;\">L\u00ednea del Talle de la Cintura<\/span><\/td>\n<td><span style=\"font-size: 12px;\">Talle alto<\/span><\/td>\n<\/tr>\n<tr>\n<td style=\"height: 20px;\"><span style=\"font-size: 12px;\">Corte del Bajo<\/span><\/td>\n<td><span style=\"font-size: 12px;\">L\u00e1piz<\/span><\/td>\n<\/tr>\n<tr>\n<td style=\"height: 20px;\"><span style=\"font-size: 12px;\">Longitud<\/span><\/td>\n<td><span style=\"font-size: 12px;\">Mini<\/span><\/td>\n<\/tr>\n<tr>\n<td style=\"height: 20px;\"><span style=\"font-size: 12px;\">Tipo de Ajuste<\/span><\/td>\n<td><span style=\"font-size: 12px;\">Ajustado<\/span><\/td>\n<\/tr>\n<tr>\n<td style=\"height: 20px;\"><span style=\"font-size: 12px;\">Tejido<\/span><\/td>\n<td><span style=\"font-size: 12px;\">Estiramiento medio<\/span><\/td>\n<\/tr>\n<tr>\n<td style=\"height: 20px;\"><span style=\"font-size: 12px;\">Material<\/span><\/td>\n<td><span style=\"font-size: 12px;\">Tela<\/span><\/td>\n<\/tr>\n<tr>\n<td style=\"height: 20px;\"><span style=\"font-size: 12px;\">Composici\u00f3n<\/span><\/td>\n<td><span style=\"font-size: 12px;\">91% Elastano, 9% Poli\u00e9ster<\/span><\/td>\n<\/tr>\n<tr>\n<td style=\"height: 20px;\"><span style=\"font-size: 12px;\">Instrucciones de Cuidado<\/span><\/td>\n<td><span style=\"font-size: 12px;\">Lavadora o limpieza en seco profesional<\/span><\/td>\n<\/tr>\n<tr>\n<td style=\"height: 20px;\"><span style=\"font-size: 12px;\">Transparente<\/span><\/td>\n<td><span style=\"font-size: 12px;\">No<\/span><\/td>\n<\/tr>\n<\/tbody>\n<\/table>\n<\/div>\n<div><\/div>\n<div><span style=\"font-size: 12px;\"><strong style=\"color: #222222; font-family: arial,helvetica,sans-serif; font-size: 12px;\">Tallas y dimensiones:<\/strong><\/span><\/div>\n<div><\/div>\n<\/div>\n<div>\n<div class=\"shop-entry__entryBox\" data-v-=\"\"><\/div>\n<\/div>\n<div>\n<div class=\"product-intro__sizeguide\">\n<div class=\"product-intro__sizeguide-panel\">\n<div>\n<div class=\"common-sizeinfo\" data-v-=\"\">\n<div class=\"common-sizetable\" data-v-=\"\">\n<div class=\"common-sizetable__table j-common-size-table\" data-v-=\"\">\n<div data-v-=\"\">\n<table class=\"j-cm-table\" style=\"border-collapse: collapse; border-spacing: 0px;\" cellspacing=\"0\" cellpadding=\"0\" data-v-=\"\">\n<tbody>\n<tr class=\"cm-inch common-sizetable__table-tr trhead\" style=\"box-sizing: border-box; text-wrap: nowrap; font-weight: bold; text-align: center;\" data-v-=\"\">\n<td style=\"box-sizing: border-box; margin: 0px; padding: 0px 4px; min-width: 85px; height: 38px; transition: background-color 0.2s ease 0s, color 0.2s ease 0s; border: 1px solid #e5e5e5; table-layout: fixed;\" data-v-=\"\"><span style=\"font-size: 12px;\">Talla<\/span><\/td>\n<td style=\"box-sizing: border-box; margin: 0px; padding: 0px 4px; min-width: 85px; height: 38px; transition: background-color 0.2s ease 0s, color 0.2s ease 0s; border: 1px solid #e5e5e5;\" data-v-=\"\"><span style=\"font-size: 12px;\">Contorno caderas<\/span><\/td>\n<td style=\"box-sizing: border-box; margin: 0px; padding: 0px 4px; min-width: 85px; height: 38px; transition: background-color 0.2s ease 0s, color 0.2s ease 0s; border: 1px solid #e5e5e5;\" data-v-=\"\"><span style=\"font-size: 12px;\">Contorno cintura<\/span><\/td>\n<td class=\"col-highlight\" style=\"box-sizing: border-box; margin: 0px; padding: 0px 4px; min-width: 85px; height: 38px; transition: background-color 0.2s ease 0s, color 0.2s ease 0s; border: 1px solid #e5e5e5; background-color: rgba(229, 229, 229, 0.667);\" data-v-=\"\"><span style=\"font-size: 12px;\">Hombro<\/span><\/td>\n<td style=\"box-sizing: border-box; margin: 0px; padding: 0px 4px; min-width: 85px; height: 38px; transition: background-color 0.2s ease 0s, color 0.2s ease 0s; border: 1px solid #e5e5e5;\" data-v-=\"\"><span style=\"font-size: 12px;\">Largo<\/span><\/td>\n<td style=\"box-sizing: border-box; margin: 0px; padding: 0px 4px; min-width: 85px; height: 38px; transition: background-color 0.2s ease 0s, color 0.2s ease 0s; border: 1px solid #e5e5e5;\" data-v-=\"\"><span style=\"font-size: 12px;\">Pecho<\/span><\/td>\n<\/tr>\n<tr class=\"common-sizetable__table-tr\" style=\"box-sizing: border-box; text-align: center;\" data-v-=\"\">\n<td style=\"box-sizing: border-box; margin: 0px; padding: 0px 4px; outline: 0px; min-width: 85px; height: 38px; transition: background-color 0.2s ease 0s, color 0.2s ease 0s; border: 1px solid #e5e5e5; table-layout: fixed; font-weight: bold;\" data-v-=\"\"><span style=\"font-size: 12px;\">XXS<\/span><\/td>\n<td style=\"box-sizing: border-box; margin: 0px; padding: 0px 4px; outline: 0px; min-width: 85px; height: 38px; transition: background-color 0.2s ease 0s, color 0.2s ease 0s; border: 1px solid #e5e5e5;\" data-v-=\"\"><span style=\"font-size: 12px;\">74<\/span><\/td>\n<td style=\"box-sizing: border-box; margin: 0px; padding: 0px 4px; outline: 0px; min-width: 85px; height: 38px; transition: background-color 0.2s ease 0s, color 0.2s ease 0s; border: 1px solid #e5e5e5;\" data-v-=\"\"><span style=\"font-size: 12px;\">55<\/span><\/td>\n<td class=\"col-highlight\" style=\"box-sizing: border-box; margin: 0px; padding: 0px 4px; outline: 0px; min-width: 85px; height: 38px; transition: background-color 0.2s ease 0s, color 0.2s ease 0s; border: 1px solid #e5e5e5; background-color: rgba(229, 229, 229, 0.667);\" data-v-=\"\"><span style=\"font-size: 12px;\">23.5<\/span><\/td>\n<td style=\"box-sizing: border-box; margin: 0px; padding: 0px 4px; outline: 0px; min-width: 85px; height: 38px; transition: background-color 0.2s ease 0s, color 0.2s ease 0s; border: 1px solid #e5e5e5;\" data-v-=\"\"><span style=\"font-size: 12px;\">76<\/span><\/td>\n<td style=\"box-sizing: border-box; margin: 0px; padding: 0px 4px; outline: 0px; min-width: 85px; height: 38px; transition: background-color 0.2s ease 0s, color 0.2s ease 0s; border: 1px solid #e5e5e5;\" data-v-=\"\"><span style=\"font-size: 12px;\">69<\/span><\/td>\n<\/tr>\n<tr class=\"common-sizetable__table-tr\" style=\"box-sizing: border-box; text-align: center;\" data-v-=\"\">\n<td style=\"box-sizing: border-box; margin: 0px; padding: 0px 4px; outline: 0px; min-width: 85px; height: 38px; transition: background-color 0.2s ease 0s, color 0.2s ease 0s; border: 1px solid #e5e5e5; table-layout: fixed; font-weight: bold; background-color: rgba(229, 229, 229, 0.667);\" data-v-=\"\"><span style=\"font-size: 12px;\">XS<\/span><\/td>\n<td style=\"box-sizing: border-box; margin: 0px; padding: 0px 4px; outline: 0px; min-width: 85px; height: 38px; transition: background-color 0.2s ease 0s, color 0.2s ease 0s; border: 1px solid #e5e5e5; background-color: rgba(229, 229, 229, 0.667);\" data-v-=\"\"><span style=\"font-size: 12px;\">78<\/span><\/td>\n<td style=\"box-sizing: border-box; margin: 0px; padding: 0px 4px; outline: 0px; min-width: 85px; height: 38px; transition: background-color 0.2s ease 0s, color 0.2s ease 0s; border: 1px solid #e5e5e5; background-color: rgba(229, 229, 229, 0.667);\" data-v-=\"\"><span style=\"font-size: 12px;\">59<\/span><\/td>\n<td class=\"col-highlight\" style=\"box-sizing: border-box; margin: 0px; padding: 0px 4px; outline: 0px; min-width: 85px; height: 38px; transition: background-color 0.2s ease 0s, color 0.2s ease 0s; border: 1px solid #e5e5e5; background-color: #e5e5e5; opacity: 1;\" data-v-=\"\"><span style=\"font-size: 12px;\">24.5<\/span><\/td>\n<td style=\"box-sizing: border-box; margin: 0px; padding: 0px 4px; outline: 0px; min-width: 85px; height: 38px; transition: background-color 0.2s ease 0s, color 0.2s ease 0s; border: 1px solid #e5e5e5; background-color: inherit;\" data-v-=\"\"><span style=\"font-size: 12px;\">78<\/span><\/td>\n<td style=\"box-sizing: border-box; margin: 0px; padding: 0px 4px; outline: 0px; min-width: 85px; height: 38px; transition: background-color 0.2s ease 0s, color 0.2s ease 0s; border: 1px solid #e5e5e5; background-color: inherit;\" data-v-=\"\"><span style=\"font-size: 12px;\">73<\/span><\/td>\n<\/tr>\n<tr class=\"common-sizetable__table-tr\" style=\"box-sizing: border-box; text-align: center;\" data-v-=\"\">\n<td style=\"box-sizing: border-box; margin: 0px; padding: 0px 4px; outline: 0px; min-width: 85px; height: 38px; transition: background-color 0.2s ease 0s, color 0.2s ease 0s; border: 1px solid #e5e5e5; table-layout: fixed; font-weight: bold;\" data-v-=\"\"><span style=\"font-size: 12px;\">S<\/span><\/td>\n<td style=\"box-sizing: border-box; margin: 0px; padding: 0px 4px; outline: 0px; min-width: 85px; height: 38px; transition: background-color 0.2s ease 0s, color 0.2s ease 0s; border: 1px solid #e5e5e5;\" data-v-=\"\"><span style=\"font-size: 12px;\">82<\/span><\/td>\n<td style=\"box-sizing: border-box; margin: 0px; padding: 0px 4px; outline: 0px; min-width: 85px; height: 38px; transition: background-color 0.2s ease 0s, color 0.2s ease 0s; border: 1px solid #e5e5e5;\" data-v-=\"\"><span style=\"font-size: 12px;\">63<\/span><\/td>\n<td style=\"box-sizing: border-box; margin: 0px; padding: 0px 4px; outline: 0px; min-width: 85px; height: 38px; transition: background-color 0.2s ease 0s, color 0.2s ease 0s; border: 1px solid #e5e5e5;\" data-v-=\"\"><span style=\"font-size: 12px;\">25.5<\/span><\/td>\n<td style=\"box-sizing: border-box; margin: 0px; padding: 0px 4px; outline: 0px; min-width: 85px; height: 38px; transition: background-color 0.2s ease 0s, color 0.2s ease 0s; border: 1px solid #e5e5e5;\" data-v-=\"\"><span style=\"font-size: 12px;\">80<\/span><\/td>\n<td style=\"box-sizing: border-box; margin: 0px; padding: 0px 4px; outline: 0px; min-width: 85px; height: 38px; transition: background-color 0.2s ease 0s, color 0.2s ease 0s; border: 1px solid #e5e5e5;\" data-v-=\"\"><span style=\"font-size: 12px;\">77<\/span><\/td>\n<\/tr>\n<tr class=\"common-sizetable__table-tr\" style=\"box-sizing: border-box; text-align: center;\" data-v-=\"\">\n<td style=\"box-sizing: border-box; margin: 0px; padding: 0px 4px; outline: 0px; min-width: 85px; height: 38px; transition: background-color 0.2s ease 0s, color 0.2s ease 0s; border: 1px solid #e5e5e5; table-layout: fixed; font-weight: bold;\" data-v-=\"\"><span style=\"font-size: 12px;\">M<\/span><\/td>\n<td style=\"box-sizing: border-box; margin: 0px; padding: 0px 4px; outline: 0px; min-width: 85px; height: 38px; transition: background-color 0.2s ease 0s, color 0.2s ease 0s; border: 1px solid #e5e5e5;\" data-v-=\"\"><span style=\"font-size: 12px;\">86<\/span><\/td>\n<td style=\"box-sizing: border-box; margin: 0px; padding: 0px 4px; outline: 0px; min-width: 85px; height: 38px; transition: background-color 0.2s ease 0s, color 0.2s ease 0s; border: 1px solid #e5e5e5;\" data-v-=\"\"><span style=\"font-size: 12px;\">67<\/span><\/td>\n<td style=\"box-sizing: border-box; margin: 0px; padding: 0px 4px; outline: 0px; min-width: 85px; height: 38px; transition: background-color 0.2s ease 0s, color 0.2s ease 0s; border: 1px solid #e5e5e5;\" data-v-=\"\"><span style=\"font-size: 12px;\">26.5<\/span><\/td>\n<td style=\"box-sizing: border-box; margin: 0px; padding: 0px 4px; outline: 0px; min-width: 85px; height: 38px; transition: background-color 0.2s ease 0s, color 0.2s ease 0s; border: 1px solid #e5e5e5;\" data-v-=\"\"><span style=\"font-size: 12px;\">82<\/span><\/td>\n<td style=\"box-sizing: border-box; margin: 0px; padding: 0px 4px; outline: 0px; min-width: 85px; height: 38px; transition: background-color 0.2s ease 0s, color 0.2s ease 0s; border: 1px solid #e5e5e5;\" data-v-=\"\"><span style=\"font-size: 12px;\">81<\/span><\/td>\n<\/tr>\n<tr class=\"common-sizetable__table-tr\" style=\"box-sizing: border-box; text-align: center;\" data-v-=\"\">\n<td style=\"box-sizing: border-box; margin: 0px; padding: 0px 4px; outline: 0px; min-width: 85px; height: 38px; transition: background-color 0.2s ease 0s, color 0.2s ease 0s; border: 1px solid #e5e5e5; table-layout: fixed; font-weight: bold;\" data-v-=\"\"><span style=\"font-size: 12px;\">L<\/span><\/td>\n<td style=\"box-sizing: border-box; margin: 0px; padding: 0px 4px; outline: 0px; min-width: 85px; height: 38px; transition: background-color 0.2s ease 0s, color 0.2s ease 0s; border: 1px solid #e5e5e5;\" data-v-=\"\"><span style=\"font-size: 12px;\">92<\/span><\/td>\n<td style=\"box-sizing: border-box; margin: 0px; padding: 0px 4px; outline: 0px; min-width: 85px; height: 38px; transition: background-color 0.2s ease 0s, color 0.2s ease 0s; border: 1px solid #e5e5e5;\" data-v-=\"\"><span style=\"font-size: 12px;\">73<\/span><\/td>\n<td style=\"box-sizing: border-box; margin: 0px; padding: 0px 4px; outline: 0px; min-width: 85px; height: 38px; transition: background-color 0.2s ease 0s, color 0.2s ease 0s; border: 1px solid #e5e5e5;\" data-v-=\"\"><span style=\"font-size: 12px;\">28<\/span><\/td>\n<td style=\"box-sizing: border-box; margin: 0px; padding: 0px 4px; outline: 0px; min-width: 85px; height: 38px; transition: background-color 0.2s ease 0s, color 0.2s ease 0s; border: 1px solid #e5e5e5;\" data-v-=\"\"><span style=\"font-size: 12px;\">84<\/span><\/td>\n<td style=\"box-sizing: border-box; margin: 0px; padding: 0px 4px; outline: 0px; min-width: 85px; height: 38px; transition: background-color 0.2s ease 0s, color 0.2s ease 0s; border: 1px solid #e5e5e5;\" data-v-=\"\"><span style=\"font-size: 12px;\">87<\/span><\/td>\n<\/tr>\n<\/tbody>\n<\/table>\n<\/div>\n<\/div>\n<div class=\"common-sizetable__tip\" data-v-=\"\"><\/div>\n<\/div>\n<\/div>\n<\/div>\n<\/div>\n<\/div>\n<\/div>\n<div class=\"shop-entry__entryBox\" data-v-=\"\"><\/div>\n","protected":false},"excerpt":{"rendered":"<p>Astrid Tendencias es una empresa apasionada por la moda juvenil, comprometida con ofrecer prendas frescas, modernas y estilizadas que reflejen la energ\u00eda y la personalidad \u00fanica de la juventud actual. Nos especializamos en la importaci\u00f3n de vestidos que no solo siguen las \u00faltimas tendencias, sino que tambi\u00e9n son accesibles y vers\u00e1tiles, permitiendo a nuestros clientes expresar su estilo de manera aut\u00e9ntica.<\/p>\n","protected":false},"featured_media":0,"comment_status":"closed","ping_status":"closed","template":"","meta":[],"product_cat":[50],"product_tag":[],"class_list":{"0":"post-2625","1":"product","2":"type-product","3":"status-publish","5":"product_cat-vestido-largo","7":"first","8":"instock","9":"sale","10":"shipping-taxable","11":"purchasable","12":"product-type-variable","13":"has-default-attributes","14":"layout-style-3","15":"col-md-4 col-sm-4 col-xs-6","16":"col-lg-3","17":"product-style-default"},"_links":{"self":[{"href":"https:\/\/astrid.pe\/index.php?rest_route=\/wp\/v2\/product\/2625","targetHints":{"allow":["GET"]}}],"collection":[{"href":"https:\/\/astrid.pe\/index.php?rest_route=\/wp\/v2\/product"}],"about":[{"href":"https:\/\/astrid.pe\/index.php?rest_route=\/wp\/v2\/types\/product"}],"replies":[{"embeddable":true,"href":"https:\/\/astrid.pe\/index.php?rest_route=%2Fwp%2Fv2%2Fcomments&post=2625"}],"wp:attachment":[{"href":"https:\/\/astrid.pe\/index.php?rest_route=%2Fwp%2Fv2%2Fmedia&parent=2625"}],"wp:term":[{"taxonomy":"product_cat","embeddable":true,"href":"https:\/\/astrid.pe\/index.php?rest_route=%2Fwp%2Fv2%2Fproduct_cat&post=2625"},{"taxonomy":"product_tag","embeddable":true,"href":"https:\/\/astrid.pe\/index.php?rest_route=%2Fwp%2Fv2%2Fproduct_tag&post=2625"}],"curies":[{"name":"wp","href":"https:\/\/api.w.org\/{rel}","templated":true}]}}